{"id":395,"date":"2022-11-14T12:06:33","date_gmt":"2022-11-14T12:06:33","guid":{"rendered":"https:\/\/elearning.eco-cent.eu\/home\/"},"modified":"2023-11-01T12:05:42","modified_gmt":"2023-11-01T12:05:42","slug":"home","status":"publish","type":"page","link":"https:\/\/elearning.eco-cent.eu\/pt-pt\/","title":{"rendered":"P\u00e1gina Inicial"},"content":{"rendered":"<h1>\n<p style=\"text-align: center;\">INNOVATION ECOSYSTEMS FOR CIRCULAR ECONOMY ENTREPRENEURS<\/p>\n<\/h1>\n<p><img decoding=\"async\" src=\"\/wp-content\/uploads\/2023\/03\/homeLoggedout-08.png\" alt=\"\"><\/p>\n<h1>\n<p style=\"text-align: center;\">ECOSSISTEMAS DE INOVA\u00c7\u00c3O PARA EMPREENDEDORES DA ECONOMIA CIRCULAR\n<\/p>\n<\/h1>\n<p><a href=\"#home-courses\"><img decoding=\"async\" src=\"\/wp-content\/uploads\/2023\/03\/arrod-down-23.png\" alt=\"\"><\/a><br \/>\n<img decoding=\"async\" src=\"\/wp-content\/uploads\/2023\/03\/homeLoggedout-09.png\" alt=\"\"><br \/>\n<img decoding=\"async\" src=\"\/wp-content\/uploads\/2023\/03\/homeLoggedout-10.png\" alt=\"\"><\/p>\n<ul>\n<li>\n<p>        <img decoding=\"async\" src=\"\/wp-content\/uploads\/2023\/03\/2courses-13.png\" alt=\"Circular economy  business modelling curriculum\"><\/p>\n<h6>Curr\u00edculo para Modelos de Neg\u00f3cios na Economia Circular<\/h6>\n<p><a href=\"\/pt-pt\/courses\/circular-economy-business-modelling-curriculum\/\"><\/a><\/p>\n<\/li>\n<li>\n<p>        <img decoding=\"async\" src=\"\/wp-content\/uploads\/2023\/03\/2courses-14.png\" alt=\"Skunk-Works Framework Facilitating An Innovation Ecosystem for VET\"><\/p>\n<h6>Referencial Skunk-Works para facilitar um Ecossistema de Inova\u00e7\u00e3o na Forma\u00e7\u00e3o Profissional<\/h6>\n<p><a href=\"\/pt-pt\/courses\/skunk-works-framework-facilitating-an-innovation-ecosystem-for-vet\/\"><\/a><\/p>\n<\/li>\n<li>\n<p>        <img decoding=\"async\" src=\"\/wp-content\/uploads\/2023\/03\/2courses-15.png\" alt=\"In-Service training Programme\"><\/p>\n<h6>Programa de Forma\u00e7\u00e3o <\/h6>\n<p><a href=\"\/pt-pt\/courses\/in-service-training-programme\/\"><\/a><\/p>\n<\/li>\n<li>\n<p>        <img decoding=\"async\" src=\"\/wp-content\/uploads\/2023\/03\/2courses-16.png\" alt=\"\"><\/p>\n<h6>Comunidade de Pr\u00e1tica<\/h6>\n<p><a href=\"\/pt\/forum\/forum\/forum\/\"><\/a><\/p>\n<\/li>\n<li>\n<p>        <img decoding=\"async\" src=\"\/wp-content\/uploads\/2023\/03\/2courses-17.png\" alt=\"\"><\/p>\n<h6>Documento de Recomenda\u00e7\u00f5es<\/h6>\n<p><a href=\"\/wp-content\/uploads\/2023\/11\/ECO-CENT_PR5_Policy_Paper_PT.docx.pdf\"><\/a><\/p>\n<\/li>\n<li>\n<p>        <img decoding=\"async\" src=\"\/wp-content\/uploads\/2023\/03\/2courses-18.png\" alt=\"\"><\/p>\n<h6>Recursos Educacionais Abertos<\/h6>\n<p><a href=\"\/pt-pt\/open-educational-resources\/\"><\/a><\/p>\n<\/li>\n<\/ul>\n<p><!--more--><br \/>\n<!-- {\"type\":\"layout\",\"children\":[{\"type\":\"section\",\"props\":{\"animation\":\"slide-bottom-small\",\"animation_delay\":\"150\",\"css\":\".el-section{\\n    background-color: #2bb673;\\n      background-image: url(\\\"https:\\\/\\\/elearning.eco-cent.eu\\\/wp-content\\\/themes\\\/yootheme\\\/cache\\\/9a\\\/homeBcg-11-9aa49ece.webp\\\");\\n}\",\"header_transparent_noplaceholder\":true,\"image\":\"wp-content\\\/uploads\\\/2023\\\/03\\\/home-bcg-small-11.png\",\"image_position\":\"bottom-right\",\"style\":\"default\",\"title_breakpoint\":\"xl\",\"title_position\":\"top-left\",\"title_rotation\":\"left\",\"vertical_align\":\"middle\",\"width\":\"default\"},\"children\":[{\"type\":\"row\",\"children\":[{\"type\":\"column\",\"props\":{\"image_position\":\"center-center\",\"media_overlay_gradient\":\"\",\"position_sticky_breakpoint\":\"m\"},\"children\":[{\"type\":\"headline\",\"props\":{\"content\":\"\n\n<p style=\\\"text-align: center;\\\">INNOVATION ECOSYSTEMS FOR CIRCULAR ECONOMY ENTREPRENEURS<\\\/p>\",\"css\":\".el-element{\\n\\tcolor: #fff;\\n    font-weight: 600;\\n    font-size: 28px;\\n}\",\"title_element\":\"h1\",\"visibility\":\"hidden-l\"}}]}]},{\"type\":\"row\",\"children\":[{\"type\":\"column\",\"props\":{\"image_position\":\"center-center\",\"media_overlay_gradient\":\"\",\"position_sticky_breakpoint\":\"m\",\"vertical_align\":\"middle\",\"width_default\":\"1-3\",\"width_medium\":\"1-3\"},\"children\":[{\"type\":\"image\",\"props\":{\"image\":\"wp-content\\\/uploads\\\/2023\\\/03\\\/homeLoggedout-08.png\",\"image_svg_color\":\"emphasis\",\"margin\":\"default\",\"text_align\":\"center\"}}]},{\"type\":\"column\",\"props\":{\"image_position\":\"center-center\",\"media_overlay_gradient\":\"\",\"position_sticky_breakpoint\":\"m\",\"vertical_align\":\"middle\",\"width_default\":\"1-3\",\"width_medium\":\"1-3\"},\"children\":[{\"type\":\"headline\",\"props\":{\"content\":\"\n\n<p style=\\\"text-align: center;\\\">ECOSSISTEMAS DE INOVA\\u00c7\\u00c3O PARA EMPREENDEDORES DA ECONOMIA CIRCULAR\\n<\\\/p>\",\"css\":\".el-element{\\n\\tcolor: #fff;\\n    font-weight: 600;\\n    font-size: 36px;\\n}\",\"title_element\":\"h1\",\"visibility\":\"l\"}},{\"type\":\"image\",\"props\":{\"class\":\"arrow-down\",\"image\":\"wp-content\\\/uploads\\\/2023\\\/03\\\/arrod-down-23.png\",\"image_svg_color\":\"emphasis\",\"image_width\":\"65px\",\"link\":\"#home-courses\",\"margin\":\"default\",\"text_align\":\"center\"}}]},{\"type\":\"column\",\"props\":{\"image_position\":\"center-center\",\"media_overlay_gradient\":\"\",\"position_sticky_breakpoint\":\"m\",\"vertical_align\":\"middle\",\"width_default\":\"1-3\",\"width_medium\":\"1-3\"},\"children\":[{\"type\":\"image\",\"props\":{\"image\":\"wp-content\\\/uploads\\\/2023\\\/03\\\/homeLoggedout-09.png\",\"image_svg_color\":\"emphasis\",\"margin\":\"default\",\"text_align\":\"center\"}}]}],\"props\":{\"layout\":\"1-3,1-3,1-3\"}},{\"type\":\"row\",\"props\":{\"layout\":\"1-3,1-3,1-3\",\"margin_remove_top\":true},\"children\":[{\"type\":\"column\",\"props\":{\"image_position\":\"center-center\",\"media_overlay_gradient\":\"\",\"position_sticky_breakpoint\":\"m\",\"width_medium\":\"1-3\"},\"children\":[]},{\"type\":\"column\",\"props\":{\"image_position\":\"center-center\",\"media_overlay_gradient\":\"\",\"position_sticky_breakpoint\":\"m\",\"width_medium\":\"1-3\"},\"children\":[{\"type\":\"image\",\"props\":{\"image\":\"wp-content\\\/uploads\\\/2023\\\/03\\\/homeLoggedout-10.png\",\"image_svg_color\":\"emphasis\",\"margin\":\"default\",\"text_align\":\"center\",\"visibility\":\"l\"}}]},{\"type\":\"column\",\"props\":{\"image_position\":\"center-center\",\"media_overlay_gradient\":\"\",\"position_sticky_breakpoint\":\"m\",\"width_medium\":\"1-3\"},\"children\":[]}]}]},{\"type\":\"section\",\"props\":{\"animation\":\"fade\",\"animation_delay\":\"200\",\"css\":\".el-section{\\n\\tbackground-color: rgba(43 182 115 \\\/ .5)\\n}\",\"id\":\"home-courses\",\"image_position\":\"center-center\",\"style\":\"default\",\"title_breakpoint\":\"xl\",\"title_position\":\"top-left\",\"title_rotation\":\"left\",\"vertical_align\":\"middle\",\"width\":\"default\"},\"children\":[{\"type\":\"row\",\"children\":[{\"type\":\"column\",\"props\":{\"image_position\":\"center-center\",\"media_overlay_gradient\":\"\",\"position_sticky_breakpoint\":\"m\"},\"children\":[{\"type\":\"grid\",\"props\":{\"animation\":\"slide-bottom-small\",\"content_column_breakpoint\":\"m\",\"css\":\".el-title{\\n\\tcolor: #2bb673;\\n    width: 75%;\\n    margin-left: auto;\\n    text-align: left;\\n    z-index: 99;\\n    position: relative;\\n}\\n.el-item{\\n\\ttop: 0;\\n    transition: all .3s;\\n}\\n\\n.el-item::before{\\n    content: '';\\n\\tbackground-image: url(\\\"\\\/wp-content\\\/uploads\\\/courses-bcg-19.png\\\");\\n    background-repeat: no-repeat;\\n    background-size: cover;\\n    background-position: bottom center;\\n    position: absolute;\\n    bottom: -14px;\\n    width: 100%;\\n    height: 90%;\\n    left: 0;\\n}\\n.el-item:hover{\\n\\ttop: -7px;\\n}\\n.el-image{\\n\\tz-index: 99;\\n    position: relative;\\n}\",\"filter_align\":\"left\",\"filter_all\":true,\"filter_grid_breakpoint\":\"m\",\"filter_grid_width\":\"auto\",\"filter_position\":\"top\",\"filter_style\":\"tab\",\"grid_default\":\"1\",\"grid_medium\":\"3\",\"grid_row_gap\":\"large\",\"grid_small\":\"2\",\"icon_width\":80,\"image_align\":\"top\",\"image_grid_breakpoint\":\"m\",\"image_grid_width\":\"1-2\",\"image_svg_color\":\"emphasis\",\"item_animation\":true,\"link_style\":\"default\",\"link_text\":\"\",\"margin\":\"default\",\"meta_align\":\"below-title\",\"meta_element\":\"div\",\"meta_style\":\"text-meta\",\"panel_link\":true,\"show_content\":true,\"show_image\":true,\"show_link\":true,\"show_meta\":true,\"show_title\":true,\"text_align\":\"center\",\"title_align\":\"top\",\"title_element\":\"h6\",\"title_grid_breakpoint\":\"m\",\"title_grid_width\":\"1-2\",\"title_hover_style\":\"reset\"},\"children\":[{\"type\":\"grid_item\",\"props\":{\"icon\":\"\",\"image\":\"wp-content\\\/uploads\\\/2023\\\/03\\\/2courses-13.png\",\"image_alt\":\"Circular economy  business modelling curriculum\",\"link\":\"pt-pt\\\/courses\\\/circular-economy-business-modelling-curriculum\\\/\",\"title\":\"Curr\\u00edculo para Modelos de Neg\\u00f3cios na Economia Circular\"}},{\"type\":\"grid_item\",\"props\":{\"image\":\"wp-content\\\/uploads\\\/2023\\\/03\\\/2courses-14.png\",\"image_alt\":\"Skunk-Works Framework Facilitating An Innovation Ecosystem for VET\",\"link\":\"pt-pt\\\/courses\\\/skunk-works-framework-facilitating-an-innovation-ecosystem-for-vet\\\/\",\"title\":\"Referencial Skunk-Works para facilitar um Ecossistema de Inova\\u00e7\\u00e3o na Forma\\u00e7\\u00e3o Profissional\"}},{\"type\":\"grid_item\",\"props\":{\"image\":\"wp-content\\\/uploads\\\/2023\\\/03\\\/2courses-15.png\",\"image_alt\":\"In-Service training Programme\",\"link\":\"pt-pt\\\/courses\\\/in-service-training-programme\\\/\",\"title\":\"Programa de Forma\\u00e7\\u00e3o \"}},{\"type\":\"grid_item\",\"props\":{\"image\":\"wp-content\\\/uploads\\\/2023\\\/03\\\/2courses-16.png\",\"link\":\"\\\/pt\\\/forum\\\/forum\\\/forum\\\/\",\"title\":\"Comunidade de Pr\\u00e1tica\"}},{\"type\":\"grid_item\",\"props\":{\"image\":\"wp-content\\\/uploads\\\/2023\\\/03\\\/2courses-17.png\",\"link\":\"wp-content\\\/uploads\\\/2023\\\/11\\\/ECO-CENT_PR5_Policy_Paper_PT.docx.pdf\",\"title\":\"Documento de Recomenda\\u00e7\\u00f5es\"}},{\"type\":\"grid_item\",\"props\":{\"image\":\"wp-content\\\/uploads\\\/2023\\\/03\\\/2courses-18.png\",\"link\":\"pt-pt\\\/open-educational-resources\\\/\",\"title\":\"Recursos Educacionais Abertos\"}}]}]}]}]}],\"version\":\"3.0.10\"} --><\/p>\n","protected":false},"excerpt":{"rendered":"<p>INNOVATION ECOSYSTEMS FOR CIRCULAR ECONOMY ENTREPRENEURS ECOSSISTEMAS DE INOVA\u00c7\u00c3O PARA EMPREENDEDORES DA ECONOMIA CIRCULAR Curr\u00edculo para Modelos de Neg\u00f3cios na Economia Circular Referencial Skunk-Works para..<\/p>\n","protected":false},"author":1,"featured_media":0,"parent":0,"menu_order":0,"comment_status":"closed","ping_status":"closed","template":"","meta":{"_acf_changed":false,"_bbp_topic_count":0,"_bbp_reply_count":0,"_bbp_total_topic_count":0,"_bbp_total_reply_count":0,"_bbp_voice_count":0,"_bbp_anonymous_reply_count":0,"_bbp_topic_count_hidden":0,"_bbp_reply_count_hidden":0,"_bbp_forum_subforum_count":0,"footnotes":""},"class_list":["post-395","page","type-page","status-publish","hentry"],"acf":[],"_links":{"self":[{"href":"https:\/\/elearning.eco-cent.eu\/pt-pt\/wp-json\/wp\/v2\/pages\/395","targetHints":{"allow":["GET"]}}],"collection":[{"href":"https:\/\/elearning.eco-cent.eu\/pt-pt\/wp-json\/wp\/v2\/pages"}],"about":[{"href":"https:\/\/elearning.eco-cent.eu\/pt-pt\/wp-json\/wp\/v2\/types\/page"}],"author":[{"embeddable":true,"href":"https:\/\/elearning.eco-cent.eu\/pt-pt\/wp-json\/wp\/v2\/users\/1"}],"replies":[{"embeddable":true,"href":"https:\/\/elearning.eco-cent.eu\/pt-pt\/wp-json\/wp\/v2\/comments?post=395"}],"version-history":[{"count":9,"href":"https:\/\/elearning.eco-cent.eu\/pt-pt\/wp-json\/wp\/v2\/pages\/395\/revisions"}],"predecessor-version":[{"id":1714,"href":"https:\/\/elearning.eco-cent.eu\/pt-pt\/wp-json\/wp\/v2\/pages\/395\/revisions\/1714"}],"wp:attachment":[{"href":"https:\/\/elearning.eco-cent.eu\/pt-pt\/wp-json\/wp\/v2\/media?parent=395"}],"curies":[{"name":"wp","href":"https:\/\/api.w.org\/{rel}","templated":true}]}}